{"id":136,"date":"2021-01-18T10:09:27","date_gmt":"2021-01-18T10:09:27","guid":{"rendered":"https:\/\/projectedachau.amical-mauthausen.org\/informacio-del-camp\/"},"modified":"2023-01-12T12:12:11","modified_gmt":"2023-01-12T12:12:11","slug":"informacion-del-campo","status":"publish","type":"page","link":"https:\/\/projectedachau.amical-mauthausen.org\/es\/informacion-del-campo\/","title":{"rendered":"Informaci\u00f3n del campo"},"content":{"rendered":"<p>En 1938 se ampli\u00f3 con un nuevo campo en cuya entrada rezaba la frase \u201cEl trabajo hace libre\u201d. Tambi\u00e9n fueron internados jud\u00edos, sacerdotes cat\u00f3licos y protestantes, gitanos, \u201casociales\u201d, Testigos de Jehov\u00e1, homosexuales, &#8230; detenidos en los pa\u00edses ocupados y prisioneros rusos, muchos de ellos fusilados inmediatamente.<\/p>\n<p>Las necesidades de la industria b\u00e9lica llevaron al aprovechamiento de la mano de obra deportada, en las factor\u00edas de armamento de las SS en el propio campo, como BMW y Messerschmitt, o establecidas en casi toda Baviera; en total, fueron organizados 139 campos anexos. Unas 200.000 personas pasaron por estas instalaciones de las que unas 41.500 hallaron la muerte durante su internamiento. A estas cifras hay que a\u00f1adir los presos no registrados, procedentes de las evacuaciones de otros campos poco antes de la liberaci\u00f3n. A partir de 1943, con las primeras grandes derrotas militares alemanas y el consecuente aumento de la deportaci\u00f3n de mano de obra esclava para ayudar al esfuerzo de guerra, resistentes de toda Europa fueron enviados al campo; as\u00ed, en junio de 1943, empezaron a llegar franceses y los republicanos espa\u00f1oles, deportados desde el campo de tr\u00e1nsito de Compi\u00e8gne, de Burdeos y Lyon.<\/p>\n<p>Despu\u00e9s de Mauthausen, <strong>Dachau<\/strong> fue el campo nazi donde fueron deportados m\u00e1s republicanos, los cuales pagaron con la esclavitud y la muerte su participaci\u00f3n en los movimientos de resistencia, con el convencimiento de que prosegu\u00edan la lucha antifascista que hab\u00edan iniciado en julio de 1936.<\/p>\n","protected":false},"excerpt":{"rendered":"<p>En 1938 se ampli\u00f3 con un nuevo campo en cuya entrada rezaba la frase \u201cEl trabajo hace libre\u201d. Tambi\u00e9n fueron internados jud\u00edos, sacerdotes cat\u00f3licos y protestantes, gitanos, \u201casociales\u201d, Testigos de Jehov\u00e1, homosexuales, &#8230; detenidos en los pa\u00edses ocupados y prisioneros rusos, muchos de ellos fusilados inmediatamente. Las necesidades de la industria b\u00e9lica llevaron al aprovechamiento [&hellip;]<\/p>\n","protected":false},"author":1,"featured_media":0,"parent":0,"menu_order":0,"comment_status":"closed","ping_status":"closed","template":"","meta":{"_acf_changed":false,"footnotes":""},"class_list":["post-136","page","type-page","status-publish","hentry"],"acf":[],"_links":{"self":[{"href":"https:\/\/projectedachau.amical-mauthausen.org\/es\/wp-json\/wp\/v2\/pages\/136","targetHints":{"allow":["GET"]}}],"collection":[{"href":"https:\/\/projectedachau.amical-mauthausen.org\/es\/wp-json\/wp\/v2\/pages"}],"about":[{"href":"https:\/\/projectedachau.amical-mauthausen.org\/es\/wp-json\/wp\/v2\/types\/page"}],"author":[{"embeddable":true,"href":"https:\/\/projectedachau.amical-mauthausen.org\/es\/wp-json\/wp\/v2\/users\/1"}],"replies":[{"embeddable":true,"href":"https:\/\/projectedachau.amical-mauthausen.org\/es\/wp-json\/wp\/v2\/comments?post=136"}],"version-history":[{"count":9,"href":"https:\/\/projectedachau.amical-mauthausen.org\/es\/wp-json\/wp\/v2\/pages\/136\/revisions"}],"predecessor-version":[{"id":250,"href":"https:\/\/projectedachau.amical-mauthausen.org\/es\/wp-json\/wp\/v2\/pages\/136\/revisions\/250"}],"wp:attachment":[{"href":"https:\/\/projectedachau.amical-mauthausen.org\/es\/wp-json\/wp\/v2\/media?parent=136"}],"curies":[{"name":"wp","href":"https:\/\/api.w.org\/{rel}","templated":true}]}}