{"id":134,"date":"2021-03-12T09:51:41","date_gmt":"2021-03-12T09:51:41","guid":{"rendered":"https:\/\/projectedachau.amical-mauthausen.org\/testimonis\/"},"modified":"2023-06-28T11:59:57","modified_gmt":"2023-06-28T11:59:57","slug":"testimonios","status":"publish","type":"page","link":"https:\/\/projectedachau.amical-mauthausen.org\/es\/testimonios\/","title":{"rendered":"Testimonios y biograf\u00edas"},"content":{"rendered":"<p>Despu\u00e9s de Mauthausen, <strong>Dachau<\/strong> fue el campo nazi donde fueron deportados m\u00e1s republicanos, los cuales pagaron con la esclavitud y la muerte su participaci\u00f3n en los movimientos de resistencia, con el convencimiento de que prosegu\u00edan la lucha antifascista que hab\u00edan iniciado en julio de 1936.<\/p>\n","protected":false},"excerpt":{"rendered":"<p>Despu\u00e9s de Mauthausen, Dachau fue el campo nazi donde fueron deportados m\u00e1s republicanos, los cuales pagaron con la esclavitud y la muerte su participaci\u00f3n en los movimientos de resistencia, con el convencimiento de que prosegu\u00edan la lucha antifascista que hab\u00edan iniciado en julio de 1936.<\/p>\n","protected":false},"author":1,"featured_media":0,"parent":0,"menu_order":0,"comment_status":"closed","ping_status":"closed","template":"page-testimonios.php","meta":{"_acf_changed":false,"footnotes":""},"class_list":["post-134","page","type-page","status-publish","hentry"],"acf":[],"_links":{"self":[{"href":"https:\/\/projectedachau.amical-mauthausen.org\/es\/wp-json\/wp\/v2\/pages\/134","targetHints":{"allow":["GET"]}}],"collection":[{"href":"https:\/\/projectedachau.amical-mauthausen.org\/es\/wp-json\/wp\/v2\/pages"}],"about":[{"href":"https:\/\/projectedachau.amical-mauthausen.org\/es\/wp-json\/wp\/v2\/types\/page"}],"author":[{"embeddable":true,"href":"https:\/\/projectedachau.amical-mauthausen.org\/es\/wp-json\/wp\/v2\/users\/1"}],"replies":[{"embeddable":true,"href":"https:\/\/projectedachau.amical-mauthausen.org\/es\/wp-json\/wp\/v2\/comments?post=134"}],"version-history":[{"count":14,"href":"https:\/\/projectedachau.amical-mauthausen.org\/es\/wp-json\/wp\/v2\/pages\/134\/revisions"}],"predecessor-version":[{"id":279,"href":"https:\/\/projectedachau.amical-mauthausen.org\/es\/wp-json\/wp\/v2\/pages\/134\/revisions\/279"}],"wp:attachment":[{"href":"https:\/\/projectedachau.amical-mauthausen.org\/es\/wp-json\/wp\/v2\/media?parent=134"}],"curies":[{"name":"wp","href":"https:\/\/api.w.org\/{rel}","templated":true}]}}